{"id":276,"date":"2022-08-22T16:38:11","date_gmt":"2022-08-22T13:38:11","guid":{"rendered":"https:\/\/rukatravels.fi\/ota-yhteytta\/"},"modified":"2024-08-06T08:41:17","modified_gmt":"2024-08-06T05:41:17","slug":"contact-us","status":"publish","type":"page","link":"https:\/\/rukatravels.fi\/en\/contact-us\/","title":{"rendered":"Contact us"},"content":{"rendered":"<p><!--more--><br \/>\n<!-- {\"type\":\"layout\",\"children\":[{\"type\":\"section\",\"props\":{\"header_transparent\":true,\"header_transparent_text_color\":\"dark\",\"height\":\"viewport\",\"height_offset_top\":true,\"height_viewport\":80,\"image\":\"wp-content\\\/uploads\\\/2023\\\/11\\\/Rukatravels-25-printti-scaled.jpg\",\"image_position\":\"center-center\",\"image_size\":\"cover\",\"media_overlay_gradient\":\"linear-gradient(180deg, rgba(255,255,255,1) 0%, rgba(255,255,255,0.48503151260504207) 10%, rgba(255,255,255,0) 26%);\",\"padding\":\"none\",\"style\":\"default\",\"title_breakpoint\":\"xl\",\"title_position\":\"top-left\",\"title_rotation\":\"left\",\"vertical_align\":\"middle\",\"width\":\"\"},\"children\":[{\"type\":\"row\",\"children\":[{\"type\":\"column\",\"props\":{\"image_position\":\"center-center\",\"position_sticky_breakpoint\":\"m\"}}]}]},{\"type\":\"section\",\"props\":{\"image_position\":\"center-center\",\"status\":\"disabled\",\"style\":\"default\",\"title_breakpoint\":\"xl\",\"title_position\":\"top-left\",\"title_rotation\":\"left\",\"vertical_align\":\"\",\"width\":\"default\"},\"children\":[{\"type\":\"row\",\"props\":{\"layout\":\"1-3,2-3\"},\"children\":[{\"type\":\"column\",\"props\":{\"image_position\":\"center-center\",\"position_sticky_breakpoint\":\"m\",\"width_medium\":\"1-3\"},\"children\":[{\"type\":\"headline\",\"props\":{\"content\":\"Contact us\",\"title_element\":\"h1\"}},{\"type\":\"text\",\"props\":{\"column_breakpoint\":\"m\",\"content\":\"\n\n<p>You can use the form to contact us and request our personal offer. We will answer you as soon as possible either by phone or email.<\\\/p>\\n\n\n<p><a href=\\\"tel:+358407040638\\\">+358 40 7040 638<\\\/a><span> Ulla (office)<\\\/span><br \\\/><a href=\\\"tel:+358405403879\\\">+358 40 540 3879<\\\/a><span> Risto (Charter bus transportations)<\\\/span><br \\\/><a href=\\\"mailto:info@rukatravels.fi\\\"><span>info@rukatravels.fi<\\\/span><\\\/a><\\\/p>\",\"margin\":\"default\"}}]},{\"type\":\"column\",\"props\":{\"image_position\":\"center-center\",\"position_sticky_breakpoint\":\"m\",\"width_medium\":\"2-3\"},\"children\":[{\"type\":\"text\",\"props\":{\"column_breakpoint\":\"m\",\"content\":\"\n\n<p>[wpforms id=\\\"277\\\" title=\\\"false\\\" description=\\\"false\\\"]<\\\/p>\",\"margin\":\"default\"}}]}]}]}],\"version\":\"4.4.7\"} --><\/p>\n","protected":false},"excerpt":{"rendered":"","protected":false},"author":1,"featured_media":188,"parent":0,"menu_order":0,"comment_status":"closed","ping_status":"closed","template":"","meta":{"footnotes":""},"class_list":["post-276","page","type-page","status-publish","has-post-thumbnail","hentry"],"yoast_head":"<!-- This site is optimized with the Yoast SEO plugin v26.6 - https:\/\/yoast.com\/wordpress\/plugins\/seo\/ -->\n<title>Contact us - Ruka Travels<\/title>\n<meta name=\"description\" content=\"Ota meihin yhteytt\u00e4 ja pyyd\u00e4 henkil\u00f6kohtainen tarjouksemme. 040 7040 638 Ulla (Toimisto) 040 540 3879 Risto (Tilausajot) info@rukatravels.fi\" \/>\n<meta name=\"robots\" content=\"index, follow, max-snippet:-1, max-image-preview:large, max-video-preview:-1\" \/>\n<link rel=\"canonical\" href=\"https:\/\/rukatravels.fi\/ota-yhteytta\/\" \/>\n<meta property=\"og:locale\" content=\"en_US\" \/>\n<meta property=\"og:type\" content=\"article\" \/>\n<meta property=\"og:title\" content=\"Contact us - Ruka Travels\" \/>\n<meta property=\"og:description\" content=\"Ota meihin yhteytt\u00e4 ja pyyd\u00e4 henkil\u00f6kohtainen tarjouksemme. 040 7040 638 Ulla (Toimisto) 040 540 3879 Risto (Tilausajot) info@rukatravels.fi\" \/>\n<meta property=\"og:url\" content=\"https:\/\/rukatravels.fi\/ota-yhteytta\/\" \/>\n<meta property=\"og:site_name\" content=\"Ruka Travels\" \/>\n<meta property=\"article:publisher\" content=\"https:\/\/www.facebook.com\/RukaTravelsRukaKuusamo\" \/>\n<meta property=\"article:modified_time\" content=\"2024-08-06T05:41:17+00:00\" \/>\n<meta property=\"og:image\" content=\"https:\/\/rukatravels.fi\/wp-content\/uploads\/2022\/10\/bussit-rivissa3.jpg\" \/>\n\t<meta property=\"og:image:width\" content=\"2200\" \/>\n\t<meta property=\"og:image:height\" content=\"1030\" \/>\n\t<meta property=\"og:image:type\" content=\"image\/jpeg\" \/>\n<meta name=\"twitter:card\" content=\"summary_large_image\" \/>\n<meta name=\"twitter:label1\" content=\"Est. reading time\" \/>\n\t<meta name=\"twitter:data1\" content=\"1 minute\" \/>\n<script type=\"application\/ld+json\" class=\"yoast-schema-graph\">{\"@context\":\"https:\/\/schema.org\",\"@graph\":[{\"@type\":\"WebPage\",\"@id\":\"https:\/\/rukatravels.fi\/ota-yhteytta\/\",\"url\":\"https:\/\/rukatravels.fi\/ota-yhteytta\/\",\"name\":\"Contact us - Ruka Travels\",\"isPartOf\":{\"@id\":\"https:\/\/rukatravels.fi\/#website\"},\"primaryImageOfPage\":{\"@id\":\"https:\/\/rukatravels.fi\/ota-yhteytta\/#primaryimage\"},\"image\":{\"@id\":\"https:\/\/rukatravels.fi\/ota-yhteytta\/#primaryimage\"},\"thumbnailUrl\":\"https:\/\/rukatravels.fi\/wp-content\/uploads\/2022\/10\/bussit-rivissa3.jpg\",\"datePublished\":\"2022-08-22T13:38:11+00:00\",\"dateModified\":\"2024-08-06T05:41:17+00:00\",\"description\":\"Ota meihin yhteytt\u00e4 ja pyyd\u00e4 henkil\u00f6kohtainen tarjouksemme. 040 7040 638 Ulla (Toimisto) 040 540 3879 Risto (Tilausajot) info@rukatravels.fi\",\"breadcrumb\":{\"@id\":\"https:\/\/rukatravels.fi\/ota-yhteytta\/#breadcrumb\"},\"inLanguage\":\"en-US\",\"potentialAction\":[{\"@type\":\"ReadAction\",\"target\":[\"https:\/\/rukatravels.fi\/ota-yhteytta\/\"]}]},{\"@type\":\"ImageObject\",\"inLanguage\":\"en-US\",\"@id\":\"https:\/\/rukatravels.fi\/ota-yhteytta\/#primaryimage\",\"url\":\"https:\/\/rukatravels.fi\/wp-content\/uploads\/2022\/10\/bussit-rivissa3.jpg\",\"contentUrl\":\"https:\/\/rukatravels.fi\/wp-content\/uploads\/2022\/10\/bussit-rivissa3.jpg\",\"width\":2200,\"height\":1030},{\"@type\":\"BreadcrumbList\",\"@id\":\"https:\/\/rukatravels.fi\/ota-yhteytta\/#breadcrumb\",\"itemListElement\":[{\"@type\":\"ListItem\",\"position\":1,\"name\":\"Etusivu\",\"item\":\"https:\/\/rukatravels.fi\/en\/\"},{\"@type\":\"ListItem\",\"position\":2,\"name\":\"Contact us\"}]},{\"@type\":\"WebSite\",\"@id\":\"https:\/\/rukatravels.fi\/#website\",\"url\":\"https:\/\/rukatravels.fi\/\",\"name\":\"Ruka Travels\",\"description\":\"Tilausajot Ruka Kuusamo alueella\",\"publisher\":{\"@id\":\"https:\/\/rukatravels.fi\/#organization\"},\"potentialAction\":[{\"@type\":\"SearchAction\",\"target\":{\"@type\":\"EntryPoint\",\"urlTemplate\":\"https:\/\/rukatravels.fi\/?s={search_term_string}\"},\"query-input\":{\"@type\":\"PropertyValueSpecification\",\"valueRequired\":true,\"valueName\":\"search_term_string\"}}],\"inLanguage\":\"en-US\"},{\"@type\":\"Organization\",\"@id\":\"https:\/\/rukatravels.fi\/#organization\",\"name\":\"Ruka Travels - tilausajot Ruka Kuusamo alueella\",\"url\":\"https:\/\/rukatravels.fi\/\",\"logo\":{\"@type\":\"ImageObject\",\"inLanguage\":\"en-US\",\"@id\":\"https:\/\/rukatravels.fi\/#\/schema\/logo\/image\/\",\"url\":\"https:\/\/rukatravels.fi\/wp-content\/uploads\/2022\/08\/rukatravels-logo.png\",\"contentUrl\":\"https:\/\/rukatravels.fi\/wp-content\/uploads\/2022\/08\/rukatravels-logo.png\",\"width\":343,\"height\":73,\"caption\":\"Ruka Travels - tilausajot Ruka Kuusamo alueella\"},\"image\":{\"@id\":\"https:\/\/rukatravels.fi\/#\/schema\/logo\/image\/\"},\"sameAs\":[\"https:\/\/www.facebook.com\/RukaTravelsRukaKuusamo\"]}]}<\/script>\n<!-- \/ Yoast SEO plugin. -->","yoast_head_json":{"title":"Contact us - Ruka Travels","description":"Ota meihin yhteytt\u00e4 ja pyyd\u00e4 henkil\u00f6kohtainen tarjouksemme. 040 7040 638 Ulla (Toimisto) 040 540 3879 Risto (Tilausajot) info@rukatravels.fi","robots":{"index":"index","follow":"follow","max-snippet":"max-snippet:-1","max-image-preview":"max-image-preview:large","max-video-preview":"max-video-preview:-1"},"canonical":"https:\/\/rukatravels.fi\/ota-yhteytta\/","og_locale":"en_US","og_type":"article","og_title":"Contact us - Ruka Travels","og_description":"Ota meihin yhteytt\u00e4 ja pyyd\u00e4 henkil\u00f6kohtainen tarjouksemme. 040 7040 638 Ulla (Toimisto) 040 540 3879 Risto (Tilausajot) info@rukatravels.fi","og_url":"https:\/\/rukatravels.fi\/ota-yhteytta\/","og_site_name":"Ruka Travels","article_publisher":"https:\/\/www.facebook.com\/RukaTravelsRukaKuusamo","article_modified_time":"2024-08-06T05:41:17+00:00","og_image":[{"width":2200,"height":1030,"url":"https:\/\/rukatravels.fi\/wp-content\/uploads\/2022\/10\/bussit-rivissa3.jpg","type":"image\/jpeg"}],"twitter_card":"summary_large_image","twitter_misc":{"Est. reading time":"1 minute"},"schema":{"@context":"https:\/\/schema.org","@graph":[{"@type":"WebPage","@id":"https:\/\/rukatravels.fi\/ota-yhteytta\/","url":"https:\/\/rukatravels.fi\/ota-yhteytta\/","name":"Contact us - Ruka Travels","isPartOf":{"@id":"https:\/\/rukatravels.fi\/#website"},"primaryImageOfPage":{"@id":"https:\/\/rukatravels.fi\/ota-yhteytta\/#primaryimage"},"image":{"@id":"https:\/\/rukatravels.fi\/ota-yhteytta\/#primaryimage"},"thumbnailUrl":"https:\/\/rukatravels.fi\/wp-content\/uploads\/2022\/10\/bussit-rivissa3.jpg","datePublished":"2022-08-22T13:38:11+00:00","dateModified":"2024-08-06T05:41:17+00:00","description":"Ota meihin yhteytt\u00e4 ja pyyd\u00e4 henkil\u00f6kohtainen tarjouksemme. 040 7040 638 Ulla (Toimisto) 040 540 3879 Risto (Tilausajot) info@rukatravels.fi","breadcrumb":{"@id":"https:\/\/rukatravels.fi\/ota-yhteytta\/#breadcrumb"},"inLanguage":"en-US","potentialAction":[{"@type":"ReadAction","target":["https:\/\/rukatravels.fi\/ota-yhteytta\/"]}]},{"@type":"ImageObject","inLanguage":"en-US","@id":"https:\/\/rukatravels.fi\/ota-yhteytta\/#primaryimage","url":"https:\/\/rukatravels.fi\/wp-content\/uploads\/2022\/10\/bussit-rivissa3.jpg","contentUrl":"https:\/\/rukatravels.fi\/wp-content\/uploads\/2022\/10\/bussit-rivissa3.jpg","width":2200,"height":1030},{"@type":"BreadcrumbList","@id":"https:\/\/rukatravels.fi\/ota-yhteytta\/#breadcrumb","itemListElement":[{"@type":"ListItem","position":1,"name":"Etusivu","item":"https:\/\/rukatravels.fi\/en\/"},{"@type":"ListItem","position":2,"name":"Contact us"}]},{"@type":"WebSite","@id":"https:\/\/rukatravels.fi\/#website","url":"https:\/\/rukatravels.fi\/","name":"Ruka Travels","description":"Tilausajot Ruka Kuusamo alueella","publisher":{"@id":"https:\/\/rukatravels.fi\/#organization"},"potentialAction":[{"@type":"SearchAction","target":{"@type":"EntryPoint","urlTemplate":"https:\/\/rukatravels.fi\/?s={search_term_string}"},"query-input":{"@type":"PropertyValueSpecification","valueRequired":true,"valueName":"search_term_string"}}],"inLanguage":"en-US"},{"@type":"Organization","@id":"https:\/\/rukatravels.fi\/#organization","name":"Ruka Travels - tilausajot Ruka Kuusamo alueella","url":"https:\/\/rukatravels.fi\/","logo":{"@type":"ImageObject","inLanguage":"en-US","@id":"https:\/\/rukatravels.fi\/#\/schema\/logo\/image\/","url":"https:\/\/rukatravels.fi\/wp-content\/uploads\/2022\/08\/rukatravels-logo.png","contentUrl":"https:\/\/rukatravels.fi\/wp-content\/uploads\/2022\/08\/rukatravels-logo.png","width":343,"height":73,"caption":"Ruka Travels - tilausajot Ruka Kuusamo alueella"},"image":{"@id":"https:\/\/rukatravels.fi\/#\/schema\/logo\/image\/"},"sameAs":["https:\/\/www.facebook.com\/RukaTravelsRukaKuusamo"]}]}},"_links":{"self":[{"href":"https:\/\/rukatravels.fi\/en\/wp-json\/wp\/v2\/pages\/276","targetHints":{"allow":["GET"]}}],"collection":[{"href":"https:\/\/rukatravels.fi\/en\/wp-json\/wp\/v2\/pages"}],"about":[{"href":"https:\/\/rukatravels.fi\/en\/wp-json\/wp\/v2\/types\/page"}],"author":[{"embeddable":true,"href":"https:\/\/rukatravels.fi\/en\/wp-json\/wp\/v2\/users\/1"}],"replies":[{"embeddable":true,"href":"https:\/\/rukatravels.fi\/en\/wp-json\/wp\/v2\/comments?post=276"}],"version-history":[{"count":6,"href":"https:\/\/rukatravels.fi\/en\/wp-json\/wp\/v2\/pages\/276\/revisions"}],"predecessor-version":[{"id":1357,"href":"https:\/\/rukatravels.fi\/en\/wp-json\/wp\/v2\/pages\/276\/revisions\/1357"}],"wp:featuredmedia":[{"embeddable":true,"href":"https:\/\/rukatravels.fi\/en\/wp-json\/wp\/v2\/media\/188"}],"wp:attachment":[{"href":"https:\/\/rukatravels.fi\/en\/wp-json\/wp\/v2\/media?parent=276"}],"curies":[{"name":"wp","href":"https:\/\/api.w.org\/{rel}","templated":true}]}}